{"id":775,"date":"2017-02-16T02:15:32","date_gmt":"2017-02-16T01:15:32","guid":{"rendered":"https:\/\/olgaphone.com\/blog\/?page_id=775"},"modified":"2017-02-16T02:35:35","modified_gmt":"2017-02-16T01:35:35","slug":"trouver-un-orthoptiste-pres-de-chez-vous","status":"publish","type":"page","link":"https:\/\/olgaphone.com\/blog\/trouver-un-orthoptiste-pres-de-chez-vous\/","title":{"rendered":"Trouver un orthoptiste pr\u00e8s de chez vous"},"content":{"rendered":"<h2>Trouver un orthoptiste pr\u00e8s de chez vous gr\u00e2ce \u00e0 la carte des orthoptistes.<\/h2>\n\t\t<div id=\"maps-marker-pro-12ba365f\" class=\"maps-marker-pro mmp-list-below\" style=\"width: 100%;\">\r\n\t\t\t<div id=\"mmp-map-wrap-12ba365f\" class=\"mmp-map-wrap\">\r\n\t\t\t\t\t\t\t\t<div id=\"mmp-map-12ba365f\" class=\"mmp-map\" style=\"height: 500px;\"><\/div>\r\n\t\t\t\t\t\t\t<\/div>\r\n\t\t\t\t\t\t\t<div id=\"mmp-list-12ba365f\" class=\"mmp-list\" style=\"flex-basis: 400px;\"><\/div>\r\n\t\t\t\t\t<\/div>\r\n\t\t\n<h2>Vous \u00eates orthoptistes ?<\/h2>\n<p>Vous \u00eates orthoptistes et vous souhaitez appara\u00eetre sur la carte. N&rsquo;h\u00e9sitez pas \u00e0 nous contacter en remplissant le formulaire ci-dessous :<\/p>\n<p>[contact-form-7 id=\u00a0\u00bb784&Prime; title=\u00a0\u00bbFormulaire orthoptistes\u00a0\u00bb]<\/p>\n<p><img loading=\"lazy\" decoding=\"async\" src=\"https:\/\/olgaphone.com\/blog\/wp-content\/uploads\/2017\/02\/trouver_un_orthoptiste_pres_de_chez_vous.jpg\" alt=\"trouver un orthoptiste pr\u00e8s de chez vous\" width=\"700\" height=\"400\" class=\"aligncenter size-full wp-image-781\" srcset=\"https:\/\/olgaphone.com\/blog\/wp-content\/uploads\/2017\/02\/trouver_un_orthoptiste_pres_de_chez_vous.jpg 700w, https:\/\/olgaphone.com\/blog\/wp-content\/uploads\/2017\/02\/trouver_un_orthoptiste_pres_de_chez_vous-300x171.jpg 300w\" sizes=\"(max-width: 700px) 85vw, 700px\" \/><\/p>\n<h2>Qu&rsquo;est ce qu&rsquo;un orthoptiste<\/h2>\n<p>Nous vous invitons \u00e0 consulter notre page d\u00e9di\u00e9e qui explique tout sur <a href=\"https:\/\/olgaphone.com\/blog\/aveugle\/orthoptiste-metier-medecin-des-yeux\/\">la profession et la pratique des orthoptistes<\/a>.<\/p>\n","protected":false},"excerpt":{"rendered":"<p>Trouver un orthoptiste pr\u00e8s de chez vous gr\u00e2ce \u00e0 la carte des orthoptistes. Vous \u00eates orthoptistes ? Vous \u00eates orthoptistes et vous souhaitez appara\u00eetre sur la carte. N&rsquo;h\u00e9sitez pas \u00e0 nous contacter en remplissant le formulaire ci-dessous : [contact-form-7 id=\u00a0\u00bb784&Prime; title=\u00a0\u00bbFormulaire orthoptistes\u00a0\u00bb] Qu&rsquo;est ce qu&rsquo;un orthoptiste Nous vous invitons \u00e0 consulter notre page d\u00e9di\u00e9e qui &hellip; <a href=\"https:\/\/olgaphone.com\/blog\/trouver-un-orthoptiste-pres-de-chez-vous\/\" class=\"more-link\">Continuer la lecture<span class=\"screen-reader-text\"> de &laquo;&nbsp;Trouver un orthoptiste pr\u00e8s de chez vous&nbsp;&raquo;<\/span><\/a><\/p>\n","protected":false},"author":1,"featured_media":0,"parent":0,"menu_order":0,"comment_status":"closed","ping_status":"closed","template":"page-without-sidebar-centered.php","meta":{"footnotes":""},"_links":{"self":[{"href":"https:\/\/olgaphone.com\/blog\/wp-json\/wp\/v2\/pages\/775"}],"collection":[{"href":"https:\/\/olgaphone.com\/blog\/wp-json\/wp\/v2\/pages"}],"about":[{"href":"https:\/\/olgaphone.com\/blog\/wp-json\/wp\/v2\/types\/page"}],"author":[{"embeddable":true,"href":"https:\/\/olgaphone.com\/blog\/wp-json\/wp\/v2\/users\/1"}],"replies":[{"embeddable":true,"href":"https:\/\/olgaphone.com\/blog\/wp-json\/wp\/v2\/comments?post=775"}],"version-history":[{"count":7,"href":"https:\/\/olgaphone.com\/blog\/wp-json\/wp\/v2\/pages\/775\/revisions"}],"predecessor-version":[{"id":787,"href":"https:\/\/olgaphone.com\/blog\/wp-json\/wp\/v2\/pages\/775\/revisions\/787"}],"wp:attachment":[{"href":"https:\/\/olgaphone.com\/blog\/wp-json\/wp\/v2\/media?parent=775"}],"curies":[{"name":"wp","href":"https:\/\/api.w.org\/{rel}","templated":true}]}}