{"id":514,"date":"2016-09-16T17:26:30","date_gmt":"2016-09-16T16:26:30","guid":{"rendered":"https:\/\/olgaphone.com\/blog\/?page_id=514"},"modified":"2016-09-26T10:38:28","modified_gmt":"2016-09-26T09:38:28","slug":"carte-de-france-associations-aveugles-malvoyants","status":"publish","type":"page","link":"https:\/\/olgaphone.com\/blog\/carte-de-france-associations-aveugles-malvoyants\/","title":{"rendered":"Carte de France des Associations pour aveugles et malvoyants"},"content":{"rendered":"<p>Voici la carte de France des associations pour malvoyants, aveugles.<\/p>\n\t\t<div id=\"maps-marker-pro-08ef6070\" class=\"maps-marker-pro\" style=\"width: 100%;\">\r\n\t\t\t<div id=\"mmp-map-wrap-08ef6070\" class=\"mmp-map-wrap\">\r\n\t\t\t\t\t\t\t\t<div id=\"mmp-map-08ef6070\" class=\"mmp-map\" style=\"height: 480px;\"><\/div>\r\n\t\t\t\t\t\t\t<\/div>\r\n\t\t\t\t\t<\/div>\r\n\t\t\n<p><\/br><br \/>\n<\/br><br \/>\nVous avez une association, boutique ou \u00e9cole qui est destin\u00e9e aux d\u00e9ficients visuels et vous d\u00e9sirez l&rsquo;inscrire sur la carte ?<br \/>\nRien de plus simple, remplissez ce formulaire et nous l&rsquo;int\u00e8grerons pour vous.<br \/>\n<\/br><br \/>\n[contact-form-7 id=\u00a0\u00bb520&Prime; title=\u00a0\u00bbFormulaire marker map\u00a0\u00bb]<\/p>\n","protected":false},"excerpt":{"rendered":"<p>Voici la carte de France des associations pour malvoyants, aveugles. Vous avez une association, boutique ou \u00e9cole qui est destin\u00e9e aux d\u00e9ficients visuels et vous d\u00e9sirez l&rsquo;inscrire sur la carte ? Rien de plus simple, remplissez ce formulaire et nous l&rsquo;int\u00e8grerons pour vous. [contact-form-7 id=\u00a0\u00bb520&Prime; title=\u00a0\u00bbFormulaire marker map\u00a0\u00bb]<\/p>\n","protected":false},"author":1,"featured_media":0,"parent":0,"menu_order":0,"comment_status":"closed","ping_status":"closed","template":"page-without-sidebar.php","meta":{"footnotes":""},"_links":{"self":[{"href":"https:\/\/olgaphone.com\/blog\/wp-json\/wp\/v2\/pages\/514"}],"collection":[{"href":"https:\/\/olgaphone.com\/blog\/wp-json\/wp\/v2\/pages"}],"about":[{"href":"https:\/\/olgaphone.com\/blog\/wp-json\/wp\/v2\/types\/page"}],"author":[{"embeddable":true,"href":"https:\/\/olgaphone.com\/blog\/wp-json\/wp\/v2\/users\/1"}],"replies":[{"embeddable":true,"href":"https:\/\/olgaphone.com\/blog\/wp-json\/wp\/v2\/comments?post=514"}],"version-history":[{"count":7,"href":"https:\/\/olgaphone.com\/blog\/wp-json\/wp\/v2\/pages\/514\/revisions"}],"predecessor-version":[{"id":553,"href":"https:\/\/olgaphone.com\/blog\/wp-json\/wp\/v2\/pages\/514\/revisions\/553"}],"wp:attachment":[{"href":"https:\/\/olgaphone.com\/blog\/wp-json\/wp\/v2\/media?parent=514"}],"curies":[{"name":"wp","href":"https:\/\/api.w.org\/{rel}","templated":true}]}}