{"id":454,"date":"2016-09-13T15:36:28","date_gmt":"2016-09-13T14:36:28","guid":{"rendered":"https:\/\/olgaphone.com\/blog\/?page_id=454"},"modified":"2017-09-26T10:35:53","modified_gmt":"2017-09-26T09:35:53","slug":"olga-assistant-vocal","status":"publish","type":"page","link":"https:\/\/olgaphone.com\/blog\/olga-assistant-vocal\/","title":{"rendered":"Olga &#8211; Assistant vocal"},"content":{"rendered":"<h2>Olga est un assistant vocal extr\u00eamement simple d&rsquo;utilisation. Il permet d\u2019avoir acc\u00e8s aux fonctions principales d\u2019un smartphone :<\/h2>\n<h2>Qu&rsquo;est ce que Olga ?<\/h2>\n<p>Olga est le compagnon du quotidien. L&rsquo;accessibilit\u00e9 de ce nouvel appareil a \u00e9t\u00e9 pens\u00e9e pour \u00eatre ultra simple.<\/p>\n<p><img loading=\"lazy\" decoding=\"async\" src=\"https:\/\/olgaphone.com\/blog\/wp-content\/uploads\/2016\/09\/olga_telephone_malvoyant_dmla_aveugle_home1.jpg\" alt=\"Olga t\u00e9l\u00e9phone pour malvoyant DMLA Aveugle home1\" width=\"1150\" height=\"376\" class=\"aligncenter size-full wp-image-471\" srcset=\"https:\/\/olgaphone.com\/blog\/wp-content\/uploads\/2016\/09\/olga_telephone_malvoyant_dmla_aveugle_home1.jpg 1150w, https:\/\/olgaphone.com\/blog\/wp-content\/uploads\/2016\/09\/olga_telephone_malvoyant_dmla_aveugle_home1-300x98.jpg 300w, https:\/\/olgaphone.com\/blog\/wp-content\/uploads\/2016\/09\/olga_telephone_malvoyant_dmla_aveugle_home1-768x251.jpg 768w, https:\/\/olgaphone.com\/blog\/wp-content\/uploads\/2016\/09\/olga_telephone_malvoyant_dmla_aveugle_home1-1024x335.jpg 1024w\" sizes=\"(max-width: 709px) 85vw, (max-width: 909px) 67vw, (max-width: 1362px) 62vw, 840px\" \/><\/p>\n<p><img loading=\"lazy\" decoding=\"async\" src=\"https:\/\/olgaphone.com\/blog\/wp-content\/uploads\/2016\/09\/olga_t\u00e9l\u00e9phone_vocalis\u00e9_parlant_malvoyant_dmla_aveugle_home2-1024x335.jpg\" alt=\"Olga T\u00e9l\u00e9phone parlant vocalis\u00e9\" width=\"1024\" height=\"335\" class=\"aligncenter size-full wp-image-536\" srcset=\"https:\/\/olgaphone.com\/blog\/wp-content\/uploads\/2016\/09\/olga_t\u00e9l\u00e9phone_vocalis\u00e9_parlant_malvoyant_dmla_aveugle_home2-1024x335.jpg 1024w, https:\/\/olgaphone.com\/blog\/wp-content\/uploads\/2016\/09\/olga_t\u00e9l\u00e9phone_vocalis\u00e9_parlant_malvoyant_dmla_aveugle_home2-1024x335-300x98.jpg 300w, https:\/\/olgaphone.com\/blog\/wp-content\/uploads\/2016\/09\/olga_t\u00e9l\u00e9phone_vocalis\u00e9_parlant_malvoyant_dmla_aveugle_home2-1024x335-768x251.jpg 768w\" sizes=\"(max-width: 709px) 85vw, (max-width: 909px) 67vw, (max-width: 1362px) 62vw, 840px\" \/><\/p>\n<blockquote><p>1er t\u00e9l\u00e9phone avec un seul bouton  &#8211;  Accessibilit\u00e9 ultra simple &#8211;  T\u00e9l\u00e9phone parlant<\/p><\/blockquote>\n<h2>Fonctionnalit\u00e9s d&rsquo;Olga<\/h2>\n<p>&#8211; t\u00e9l\u00e9phoner et \u00eatre appel\u00e9<br \/>\n&#8211; \u00e9crire et recevoir des sms,<br \/>\n&#8211; avoir acc\u00e8s \u00e0 l\u2019heure, la date et la m\u00e9t\u00e9o<br \/>\n&#8211; consulter la messagerie vocale<br \/>\n&#8211; param\u00e9trer des alarmes et un coucou<\/p>\n<p><img loading=\"lazy\" decoding=\"async\" src=\"https:\/\/olgaphone.com\/blog\/wp-content\/uploads\/2016\/09\/olga_fonctionnalit\u00e9s_fonctions_telephone_malvoyant_dmla_aveugle_home3-1024x335.jpg\" alt=\"Fonctionnalit\u00e9s d&#039;Olga t\u00e9l\u00e9phone malvoyant dmla aveugle\" width=\"1024\" height=\"335\" class=\"aligncenter size-full wp-image-538\" srcset=\"https:\/\/olgaphone.com\/blog\/wp-content\/uploads\/2016\/09\/olga_fonctionnalit\u00e9s_fonctions_telephone_malvoyant_dmla_aveugle_home3-1024x335.jpg 1024w, https:\/\/olgaphone.com\/blog\/wp-content\/uploads\/2016\/09\/olga_fonctionnalit\u00e9s_fonctions_telephone_malvoyant_dmla_aveugle_home3-1024x335-300x98.jpg 300w, https:\/\/olgaphone.com\/blog\/wp-content\/uploads\/2016\/09\/olga_fonctionnalit\u00e9s_fonctions_telephone_malvoyant_dmla_aveugle_home3-1024x335-768x251.jpg 768w\" sizes=\"(max-width: 709px) 85vw, (max-width: 909px) 67vw, (max-width: 1362px) 62vw, 840px\" \/><\/p>\n<h2>A qui peut servir Olga ?<\/h2>\n<p>Olga vise \u00e0 aider :<\/p>\n<h4>Les personnes handicap\u00e9es visuel<\/h4>\n<p><b>DMLA<\/b> : pour les personnes atteintes de <a href=\"https:\/\/olgaphone.com\/blog\/aveugle\/dmla-c-est-quoi-0003\/\">DMLA<\/a>, c&rsquo;est l&rsquo;outil id\u00e9al. Plus besoin de chercher des num\u00e9ros ou des touches sur son t\u00e9l\u00e9phone. On peut facilement ajouter un contact dans son r\u00e9pertoire ou dicter des SMS.<br \/>\n<b>Jeunes aveugles<\/b> : pour des personnes devenues aveugles subitement, il peut \u00eatre une aide \u00e0 la transition avant de s&rsquo;\u00e9quiper d&rsquo;un appareil plus complet.<\/p>\n<h4>Les personnes ayant des probl\u00e8mes avec les claviers des t\u00e9l\u00e9phones<\/h4>\n<p><b>Tremblement des doigts<\/b> : l&rsquo;accessibilit\u00e9 via un bouton unique favorise l&rsquo;usage pour des personnes touch\u00e9es par un tremblement des mains. Elles ont du mal \u00e0 composer des num\u00e9ros de t\u00e9l\u00e9phone.<br \/>\n<b>Arthrose des doigts<\/b> : pour les personnes \u00e2g\u00e9es ayant de l&rsquo;<a href=\"https:\/\/arthrose.ooreka.fr\/comprendre\/arthrose-des-doigts-mains\">arthrose dans les doigts<\/a>, il est difficile de composer des num\u00e9ros de t\u00e9l\u00e9phone et d&rsquo;interagir avec les diff\u00e9rents appareils.<\/p>\n<h4>Les personnes \u00e2g\u00e9es<\/h4>\n<p>Cet assistant vocal est \u00e9galement utile pour des personnes \u00e2g\u00e9es qui souhaitent simplement avoir un outil confortable et tr\u00e8s facile d&rsquo;utilisation pour t\u00e9l\u00e9phoner, envoyer des sms ou avoir acc\u00e8s \u00e0 des informations courantes (date, heure, m\u00e9t\u00e9o, alarmes) rapidement.<\/p>\n<p>Aujourd\u2019hui, les t\u00e9l\u00e9phones propos\u00e9s \u00e0 ces populations sont inadapt\u00e9s (T\u00e9l\u00e9phones \u00e0 grosses touches, t\u00e9l\u00e9phones partiellement vocalis\u00e9s \u00e0 boutons,\u2026).<\/p>\n<h2>Disponibilit\u00e9 d&rsquo;Olga<\/h2>\n<p>Le produit est disponible sur <a href=\"https:\/\/olgaphone.com\/shop\">olgaphone.com\/shop<\/a>. Si vous d\u00e9sirez avoir plus d&rsquo;informations, merci de nous \u00e9crire en remplissant ce formulaire :<\/p>\n<p>[contact-form-7 id=\u00a0\u00bb459&Prime; title=\u00a0\u00bbFormulaire de contact\u00a0\u00bb]<\/p>\n","protected":false},"excerpt":{"rendered":"<p>Olga est un assistant vocal extr\u00eamement simple d&rsquo;utilisation. Il permet d\u2019avoir acc\u00e8s aux fonctions principales d\u2019un smartphone : Qu&rsquo;est ce que Olga ? Olga est le compagnon du quotidien. L&rsquo;accessibilit\u00e9 de ce nouvel appareil a \u00e9t\u00e9 pens\u00e9e pour \u00eatre ultra simple. 1er t\u00e9l\u00e9phone avec un seul bouton &#8211; Accessibilit\u00e9 ultra simple &#8211; T\u00e9l\u00e9phone parlant Fonctionnalit\u00e9s &hellip; <a href=\"https:\/\/olgaphone.com\/blog\/olga-assistant-vocal\/\" class=\"more-link\">Continuer la lecture<span class=\"screen-reader-text\"> de &laquo;&nbsp;Olga &#8211; Assistant vocal&nbsp;&raquo;<\/span><\/a><\/p>\n","protected":false},"author":1,"featured_media":0,"parent":0,"menu_order":0,"comment_status":"closed","ping_status":"closed","template":"page-without-sidebar-centered.php","meta":{"footnotes":""},"_links":{"self":[{"href":"https:\/\/olgaphone.com\/blog\/wp-json\/wp\/v2\/pages\/454"}],"collection":[{"href":"https:\/\/olgaphone.com\/blog\/wp-json\/wp\/v2\/pages"}],"about":[{"href":"https:\/\/olgaphone.com\/blog\/wp-json\/wp\/v2\/types\/page"}],"author":[{"embeddable":true,"href":"https:\/\/olgaphone.com\/blog\/wp-json\/wp\/v2\/users\/1"}],"replies":[{"embeddable":true,"href":"https:\/\/olgaphone.com\/blog\/wp-json\/wp\/v2\/comments?post=454"}],"version-history":[{"count":29,"href":"https:\/\/olgaphone.com\/blog\/wp-json\/wp\/v2\/pages\/454\/revisions"}],"predecessor-version":[{"id":981,"href":"https:\/\/olgaphone.com\/blog\/wp-json\/wp\/v2\/pages\/454\/revisions\/981"}],"wp:attachment":[{"href":"https:\/\/olgaphone.com\/blog\/wp-json\/wp\/v2\/media?parent=454"}],"curies":[{"name":"wp","href":"https:\/\/api.w.org\/{rel}","templated":true}]}}