{"id":333,"date":"2016-03-07T08:51:17","date_gmt":"2016-03-07T07:51:17","guid":{"rendered":"https:\/\/olgaphone.com\/blog\/?page_id=333"},"modified":"2020-10-25T11:54:06","modified_gmt":"2020-10-25T10:54:06","slug":"jobs-recrutement","status":"publish","type":"page","link":"https:\/\/olgaphone.com\/blog\/jobs-recrutement\/","title":{"rendered":"Jobs \/ Recrutement"},"content":{"rendered":"<p>Nous avons besoin de vous !<\/p>\n<p>Nous sommes constamment \u00e0 la recherche de profils talentueux et passionn\u00e9s pour contribuer au succ\u00e8s de Olga. Si vous voulez nous rejoindre, n&rsquo;h\u00e9sitez pas \u00e0 nous envoyer d\u00e8s maintenant un CV et un mail de motivation \u00e0 jobs [at] flagtory [dot] com.<\/p>\n<p>Si vous travaillez chez nous vous serez amen\u00e9 \u00e0 r\u00e9guli\u00e8rement vous surpasser mais vous aurez la satisfaction de voir vos r\u00e9alisations en production rapidement et vous apprendrez plus que dans n&rsquo;importe quelle grosse entreprise !<\/p>\n<p>&#8212;&#8212;&#8212;&#8212;&#8212;&#8212;&#8212;&#8212;&#8212;&#8212;&#8212;&#8212;&#8212;&#8211;<\/p>\n<h1>H\/F STAGE MARKETING \/ COMMUNITY MANAGER<\/h1>\n<h2>Contenu du poste<\/h2>\n<p>Nous recherchons un stagiaire homme ou femme pour rejoindre notre \u00e9quipe. Vous interviendrez sur le marketing, la communication et la cr\u00e9ation de contenu pour la plateforme Olga.<\/p>\n<h2>Mission<\/h2>\n<p>En fonction de vos aspirations et de vos comp\u00e9tences, voici le type de sujets sur lesquels vous pourriez \u00eatre amen\u00e9s \u00e0 travailler :<br \/>\n&#8211; Cadrage et r\u00e9alisation d&rsquo;op\u00e9rations marketing (buzz, etc)<br \/>\n&#8211; R\u00e9alisation de benchmark et d&rsquo;analyse concurrentielle<br \/>\n&#8211; Pr\u00e9paration des pr\u00e9sentations clients et des communiqu\u00e9s de presse<br \/>\n&#8211; Participation aux op\u00e9rations de communication \/ RP<br \/>\n&#8211; Animation de la communaut\u00e9 d&rsquo;utilisateurs<br \/>\n&#8211; Tests et retour d&rsquo;exp\u00e9rience des nouvelles fonctionnalit\u00e9s<\/p>\n<h2>Profil recherch\u00e9<\/h2>\n<p>Nos principaux crit\u00e8res sont les comp\u00e9tences et la motivation ! Homme ou Femme, quelle que soit votre formation initiale, si vous vous reconnaissez ci-dessous, vous nous int\u00e9ressez !<\/p>\n<p>Vous \u00eates :<br \/>\n&#8211; Vous avez envie de travailler sur un projet qui a du sens<br \/>\n&#8211; Un utilisateur actif des r\u00e9seaux sociaux (en particulier Facebook &#038; Twitter)<br \/>\n&#8211; Une personne cr\u00e9ative, souriante et accueillante<br \/>\n&#8211; Niveau Bac+2 \u00e0 Bac+5<br \/>\n&#8211; Excellent en fran\u00e7ais<br \/>\n&#8211; Bon en anglais<\/p>\n<p>Vous savez :<br \/>\n&#8211; Utiliser les logiciels de PAO (Photoshop, Illustrator&#8230;)<\/p>\n<h2>D\u00e9tails<\/h2>\n<p>Paris 2\u00e8me<br \/>\nStage de 2 \u00e0 6 mois<br \/>\nIndemnit\u00e9s selon dur\u00e9e et profil<br \/>\nConvention de stage &#038; Alternance<\/p>\n<p>&#8212;&#8212;&#8212;&#8212;&#8212;&#8212;&#8212;&#8212;&#8212;&#8212;&#8212;&#8212;&#8212;&#8211;<\/p>\n<h1>H\/F STAGE MARKETING \/ COMMUNICATION \/ RELATION CLIENT &#8211; ESPAGNOL\/ FRANCAIS<\/h1>\n<h2>Contenu du poste<\/h2>\n<p>Nous recherchons un stagiaire homme ou femme pour rejoindre notre \u00e9quipe. Vous interviendrez sur le marketing, la communication et la relation client.<\/p>\n<h2>Mission<\/h2>\n<p>En fonction de vos aspirations et de vos comp\u00e9tences, voici le type de sujets sur lesquels vous assisterez l&rsquo;\u00e9quipe :<br \/>\n&#8211; Conception et am\u00e9lioration du produit<br \/>\n&#8211; Adaptation du produit, du support de vente et des outils en langue espagnole<br \/>\n&#8211; Adaptation du support de vente en langue espagnole<br \/>\n&#8211; Accompagnement des clients fran\u00e7ais et espagnols lors de leur demande d&rsquo;information et\/ ou souscription au service<br \/>\n&#8211; Traitement des demandes de SAV notamment en cas de questions relatives \u00e0 un accident, une panne ou une r\u00e9clamation<br \/>\n&#8211; R\u00e9alisation de benchmark et d&rsquo;analyse concurrentielle<br \/>\n&#8211; Participation aux op\u00e9rations de communication \/ RP<br \/>\n&#8211; Animation de la communaut\u00e9 d&rsquo;utilisateurs<\/p>\n<h2>Profil recherch\u00e9<\/h2>\n<p>Nos principaux crit\u00e8res sont les comp\u00e9tences et la motivation ! Homme ou Femme, quelle que soit votre formation initiale, si vous avez envie de travailler sur un projet innovant qui a du sens et que vous vous reconnaissez ci-dessous, vous nous int\u00e9ressez !<\/p>\n<p>&#8211; Une personne rigoureuse, souriante et accueillante<br \/>\n&#8211; Etre soucieux des personnes handicap\u00e9s<br \/>\n&#8211; Niveau Bac+2 \u00e0 Bac+5<br \/>\n&#8211; Bilingue en fran\u00e7ais\/ espagnol<\/p>\n<h2>D\u00e9tails<\/h2>\n<p>Lieu du stage : Paris 4\u00e8me (le Marais)<br \/>\nLe stage se d\u00e9roulera en partie en t\u00e9l\u00e9travail (du fait de la crise sanitaire)<br \/>\nStage de 6 mois<br \/>\nIndemnit\u00e9s selon dur\u00e9e et profil<br \/>\nConvention de stage &#038; Alternance<\/p>\n","protected":false},"excerpt":{"rendered":"<p>Nous avons besoin de vous ! Nous sommes constamment \u00e0 la recherche de profils talentueux et passionn\u00e9s pour contribuer au succ\u00e8s de Olga. Si vous voulez nous rejoindre, n&rsquo;h\u00e9sitez pas \u00e0 nous envoyer d\u00e8s maintenant un CV et un mail de motivation \u00e0 jobs [at] flagtory [dot] com. Si vous travaillez chez nous vous serez &hellip; <a href=\"https:\/\/olgaphone.com\/blog\/jobs-recrutement\/\" class=\"more-link\">Continuer la lecture<span class=\"screen-reader-text\"> de &laquo;&nbsp;Jobs \/ Recrutement&nbsp;&raquo;<\/span><\/a><\/p>\n","protected":false},"author":1,"featured_media":0,"parent":0,"menu_order":0,"comment_status":"closed","ping_status":"closed","template":"","meta":{"footnotes":""},"_links":{"self":[{"href":"https:\/\/olgaphone.com\/blog\/wp-json\/wp\/v2\/pages\/333"}],"collection":[{"href":"https:\/\/olgaphone.com\/blog\/wp-json\/wp\/v2\/pages"}],"about":[{"href":"https:\/\/olgaphone.com\/blog\/wp-json\/wp\/v2\/types\/page"}],"author":[{"embeddable":true,"href":"https:\/\/olgaphone.com\/blog\/wp-json\/wp\/v2\/users\/1"}],"replies":[{"embeddable":true,"href":"https:\/\/olgaphone.com\/blog\/wp-json\/wp\/v2\/comments?post=333"}],"version-history":[{"count":5,"href":"https:\/\/olgaphone.com\/blog\/wp-json\/wp\/v2\/pages\/333\/revisions"}],"predecessor-version":[{"id":1151,"href":"https:\/\/olgaphone.com\/blog\/wp-json\/wp\/v2\/pages\/333\/revisions\/1151"}],"wp:attachment":[{"href":"https:\/\/olgaphone.com\/blog\/wp-json\/wp\/v2\/media?parent=333"}],"curies":[{"name":"wp","href":"https:\/\/api.w.org\/{rel}","templated":true}]}}