{"id":1398,"date":"2022-12-03T20:43:15","date_gmt":"2022-12-03T19:43:15","guid":{"rendered":"https:\/\/olgaphone.com\/blog\/?page_id=1398"},"modified":"2022-12-03T20:43:15","modified_gmt":"2022-12-03T19:43:15","slug":"idee-cadeau-malvoyant-aveugle-noel-2022","status":"publish","type":"page","link":"https:\/\/olgaphone.com\/blog\/idee-cadeau-malvoyant-aveugle-noel-2022\/","title":{"rendered":"Id\u00e9es de cadeaux pour malvoyant ou aveugle"},"content":{"rendered":"<h2>Vous \u00eates \u00e0 la recherche d&rsquo;une id\u00e9e cadeau pour No\u00ebl ou un anniversaire d&rsquo;un proche malvoyant ou aveugle.<\/h2>\n<p>Il n&rsquo;est souvent simple de trouver une bonne id\u00e9e de cadeau pour un proche. Mais si votre proche est d\u00e9ficient visuel, une bonne approche peut \u00eatre de s&rsquo;orienter vers l&rsquo;am\u00e9lioration du confort au quotidien. De nombreuses solutions sont disponibles sur le march\u00e9 afin d&rsquo;aider une personne d\u00e9ficiente visuelle. Dans un premier temps, la meilleure chose \u00e0 faire est d&rsquo;essayer de vous renseigner aupr\u00e8s du proche pour conna\u00eetre son besoin principal. A-t-il des manques:pour communiquer ? se divertir ? s&rsquo;informer ?<\/p>\n<p>Voici une suggestion d&rsquo;id\u00e9es de cadeaux qui vous permettrons d&rsquo;apporter du confort au quotidien \u00e0 votre proche aveugle ou malvoyant.<\/p>\n<h2>1 &#8211; L&rsquo;appareil Olga Assistant Vocal \/ T\u00e9l\u00e9phone pour malvoyant<\/h2>\n<p>L&rsquo;assistant vocal Olga est le cadeau id\u00e9al car c&rsquo;est un outil tr\u00e8s complet et simple qui incorpore toutes les fonctions indispensables pour \u00eatre autonome. Cet appareil enti\u00e8rement vocalis\u00e9 permet aux personnes de sortir de l&rsquo;isolement en simplifiant consid\u00e9rablement l&rsquo;acc\u00e8s aux diff\u00e9rentes fonction d&rsquo;un t\u00e9l\u00e9phone. C&rsquo;est un petit robot qui fonctionne comme une sorte de compagnon. Parmi les fonctions vocalis\u00e9es on peut retrouver:<br \/>\n&#8211; appeler et recevoir des appels<br \/>\n&#8211; envoyer des SMS<br \/>\n&#8211; lire un livre audio<br \/>\n&#8211; g\u00e9rer un agenda<br \/>\n&#8211; lire un document \u00e0 l&rsquo;aide d&rsquo;une machine \u00e0 lire int\u00e9gr\u00e9e<br \/>\n&#8211; scanner des codes barres ou des \u00e9tiquettes<br \/>\n&#8211; acc\u00e9der \u00e0 des recherches Google, Youtube ou Wikip\u00e9dia vocalement<\/p>\n<p><img loading=\"lazy\" decoding=\"async\" src=\"https:\/\/olgaphone.com\/blog\/wp-content\/uploads\/2022\/12\/olga-telephone-pour-malvoyant.png\" alt=\"\" width=\"225\" height=\"348\" alt=\"id\u00e9e cadeau pour malvoyant t\u00e9l\u00e9phone olga\" class=\"alignnone size-full wp-image-1406\" srcset=\"https:\/\/olgaphone.com\/blog\/wp-content\/uploads\/2022\/12\/olga-telephone-pour-malvoyant.png 450w, https:\/\/olgaphone.com\/blog\/wp-content\/uploads\/2022\/12\/olga-telephone-pour-malvoyant-194x300.png 194w\" sizes=\"(max-width: 225px) 85vw, 225px\" \/><\/p>\n<p>L&rsquo;appareil Olga se commande par internet via ce lien: <a href=\"http:\/\/commande.olga.tl\">http:\/\/commande.olga.tl<\/a> ou par t\u00e9l\u00e9phone.<\/p>\n<h2>2 &#8211; une montre parlante ou porte clef parlant qui annonce l&rsquo;heure<\/h2>\n<p>Pour les petits budgets, l&rsquo;id\u00e9e d&rsquo;une montre parlante ou d&rsquo;un porte clef parlant qui annonce l&rsquo;heure est une id\u00e9e cadeau pour malvoyant qui fera toujours plaisir. Une pression sur un bouton permet d&rsquo;annoncer l&rsquo;heure.<br \/>\nRenseignez-vous bien que la personne n&rsquo;en poss\u00e8de pas d\u00e9j\u00e0 un car c&rsquo;est souvent un objet que les personnes poss\u00e8dent d\u00e9j\u00e0.<\/p>\n<p>Vous pouvez vous orienter vers la solution TALKJOY qui est tr\u00e8s l\u00e9ger et qui peut se mettre facilement dans une poche.<\/p>\n<p><img loading=\"lazy\" decoding=\"async\" src=\"https:\/\/olgaphone.com\/blog\/wp-content\/uploads\/2022\/12\/talkjoy-porte-clef-horlange-parlante.jpg\" alt=\"\" width=\"400\" height=\"386\" alt=\"id\u00e9e cadeau pour aveugle talkjoy\" class=\"alignnone size-full wp-image-1413\" srcset=\"https:\/\/olgaphone.com\/blog\/wp-content\/uploads\/2022\/12\/talkjoy-porte-clef-horlange-parlante.jpg 400w, https:\/\/olgaphone.com\/blog\/wp-content\/uploads\/2022\/12\/talkjoy-porte-clef-horlange-parlante-300x290.jpg 300w\" sizes=\"(max-width: 400px) 85vw, 400px\" \/><\/p>\n<p>L&rsquo;appareil peut se commande sur <a href=\"https:\/\/www.amazon.fr\/Franc%C3%A9s-parlante-regarder-Porte-cl%C3%A9s-aveugles\/dp\/B073DKR6Q6\/ref=sr_1_7\">Amazon<\/a>.<\/p>\n<h2>3 &#8211; Un d\u00e9tecteur de couleur<\/h2>\n<p>Lorsqu&rsquo;on est malvoyant et qu&rsquo;on doit s&rsquo;habiller, il n&rsquo;est pas chose facile de savoir de quelle couleur est notre v\u00eatement. Une id\u00e9e cadeau pour malvoyant originale est un d\u00e9tecteur de couleur tel que le Colorino. Car il permettra \u00e0 l&rsquo;utilisateur de conna\u00eetre la couleur des choses. M\u00eame si les descriptifs de couleur restent basique sur les couleurs primaires, il permettra \u00e0 l&rsquo;utilisateur de se faire une id\u00e9e de la couleur des choses.<br \/>\nOn peut consid\u00e9rer cet objet comme un produit cher car pour plus d&rsquo;une centaine d&rsquo;euros, il ne propose qu&rsquo;une fonction. Car il arrive de trouver cette fonction d\u00e9j\u00e0 pr\u00e9-int\u00e9gr\u00e9e dans des smartphones. Cela dit, \u00e7a reste une bonne id\u00e9e cadeau pour malvoyant ou aveugle.<\/p>\n<p><img loading=\"lazy\" decoding=\"async\" src=\"https:\/\/olgaphone.com\/blog\/wp-content\/uploads\/2022\/12\/colorino-identificateur-de-couleur-parlant-idee-cadeau.jpg\" alt=\"id\u00e9e cadeau d\u00e9tecteur de couleur colorino\" width=\"300\" height=\"300\" class=\"alignnone size-full wp-image-1415\" srcset=\"https:\/\/olgaphone.com\/blog\/wp-content\/uploads\/2022\/12\/colorino-identificateur-de-couleur-parlant-idee-cadeau.jpg 300w, https:\/\/olgaphone.com\/blog\/wp-content\/uploads\/2022\/12\/colorino-identificateur-de-couleur-parlant-idee-cadeau-150x150.jpg 150w\" sizes=\"(max-width: 300px) 85vw, 300px\" \/><\/p>\n<p>Le colorino peut \u00eatre command\u00e9 sur le <a href=\"https:\/\/magasin.avh.asso.fr\/tous-les-articles\/68-detecteur-de-couleurs-colorino.html\">site de l&rsquo;Association Valentin Hauy<\/a>.<\/p>\n<h2>4 &#8211; Art de la table \/ \u00e9lectrom\u00e9nager pour malvoyant<\/h2>\n<p>Dans le pays de la gastronomie, une bonne id\u00e9e cadeau peut \u00eatre de tourner vers l&rsquo;art de la table et du repas. M\u00eame si encore de nombreux produits ne sont pas pens\u00e9s pour les d\u00e9ficients visuels, il existe certains outils pratiques comme:<\/p>\n<p>&#8211; un couteau de cuisine avec guide de coupe<br \/>\n&#8211; une balance de cuisine parlante<br \/>\n&#8211; un thermom\u00e8tre parlant pour la cuisson<br \/>\n&#8211; un micro-ondes parlant<br \/>\n&#8211; un verre ou d\u00e9tecteur doseur parlant pour les liquides<\/p>\n<p>Ces produits peuvent se trouver en ligne chez les distributeurs d&rsquo;objets pour malvoyants. Mais attention, n&rsquo;oubliez pas de prendre vos pr\u00e9cautions lorsque vous cuisinez et encore d&rsquo;avantage si vous avez un handicap visuel.<\/p>\n<h2>5 &#8211; Un lecteur de livre audio ou un livre audio<\/h2>\n<p>Lorsqu&rsquo;on est malvoyant ou aveugle, les possibilit\u00e9s et les hobbies s&rsquo;amenuisent. On s&rsquo;ennuie plus facilement au domicile. Le lecteur de livre audio est une bonne id\u00e9e de cadeau pour malvoyant. Il existe plusieurs appareils qui proposent des fonctions de livre audio. Le Victor est consid\u00e9r\u00e9 aujourd&rsquo;hui comme une r\u00e9f\u00e9rence. Il existe en deux versions, fixe ou portable. Cependant, ce mat\u00e9riel a un certain co\u00fbt mais il apportera une activit\u00e9 de divertissement pour votre proche d\u00e9ficient visuel.<\/p>\n<p><img loading=\"lazy\" decoding=\"async\" src=\"https:\/\/olgaphone.com\/blog\/wp-content\/uploads\/2022\/12\/victor-portable-lecteur-livre-audio-malvoyant-aveugle.png\" alt=\"\" width=\"275\" height=\"416\" class=\"alignnone size-full wp-image-1420\" \/><\/p>\n","protected":false},"excerpt":{"rendered":"<p>Vous \u00eates \u00e0 la recherche d&rsquo;une id\u00e9e cadeau pour No\u00ebl ou un anniversaire d&rsquo;un proche malvoyant ou aveugle. Il n&rsquo;est souvent simple de trouver une bonne id\u00e9e de cadeau pour un proche. Mais si votre proche est d\u00e9ficient visuel, une bonne approche peut \u00eatre de s&rsquo;orienter vers l&rsquo;am\u00e9lioration du confort au quotidien. De nombreuses solutions &hellip; <a href=\"https:\/\/olgaphone.com\/blog\/idee-cadeau-malvoyant-aveugle-noel-2022\/\" class=\"more-link\">Continuer la lecture<span class=\"screen-reader-text\"> de &laquo;&nbsp;Id\u00e9es de cadeaux pour malvoyant ou aveugle&nbsp;&raquo;<\/span><\/a><\/p>\n","protected":false},"author":1,"featured_media":0,"parent":0,"menu_order":0,"comment_status":"closed","ping_status":"closed","template":"","meta":{"footnotes":""},"_links":{"self":[{"href":"https:\/\/olgaphone.com\/blog\/wp-json\/wp\/v2\/pages\/1398"}],"collection":[{"href":"https:\/\/olgaphone.com\/blog\/wp-json\/wp\/v2\/pages"}],"about":[{"href":"https:\/\/olgaphone.com\/blog\/wp-json\/wp\/v2\/types\/page"}],"author":[{"embeddable":true,"href":"https:\/\/olgaphone.com\/blog\/wp-json\/wp\/v2\/users\/1"}],"replies":[{"embeddable":true,"href":"https:\/\/olgaphone.com\/blog\/wp-json\/wp\/v2\/comments?post=1398"}],"version-history":[{"count":20,"href":"https:\/\/olgaphone.com\/blog\/wp-json\/wp\/v2\/pages\/1398\/revisions"}],"predecessor-version":[{"id":1422,"href":"https:\/\/olgaphone.com\/blog\/wp-json\/wp\/v2\/pages\/1398\/revisions\/1422"}],"wp:attachment":[{"href":"https:\/\/olgaphone.com\/blog\/wp-json\/wp\/v2\/media?parent=1398"}],"curies":[{"name":"wp","href":"https:\/\/api.w.org\/{rel}","templated":true}]}}