{"id":1083,"date":"2019-08-29T16:42:48","date_gmt":"2019-08-29T15:42:48","guid":{"rendered":"https:\/\/olgaphone.com\/blog\/?page_id=1083"},"modified":"2024-09-12T13:49:23","modified_gmt":"2024-09-12T12:49:23","slug":"versions-olga-o4","status":"publish","type":"page","link":"https:\/\/olgaphone.com\/blog\/versions-olga-o4\/","title":{"rendered":"Versions : Olga Mod\u00e8le O4"},"content":{"rendered":"<p><!--\n\n\n<h2>2.87<\/h2>\n\n\nAm\u00e9lioration performance\n- Log.d inutile clean\u00e9s sur la Main et sur GenericSR\n\nCorrection Bug\n- Ajouter d'un Handler sur GenericSR pour DetermineAnnounceButtons() pour corriger d\u00e9clenchement d'appel Google et OlgaGPT\n\n--><\/p>\n<h2>2.85<\/h2>\n<p>Ajout<br \/>\n&#8211; Fonction optionnelle \u00ab\u00a0Scanner intelligent\u00a0\u00bb disponible<\/p>\n<p>Am\u00e9liorations<br \/>\n&#8211; Am\u00e9lioriation du syst\u00e8me d&rsquo;acc\u00e8s aux radios, plus de radios accessibles<\/p>\n<p>Correctif<br \/>\n&#8211; Possibilit\u00e9 d&rsquo;appeler suite \u00e0 une recherche<\/p>\n<p><!-- GenericActions.SimplifyURLs --><\/p>\n<h2>2.84<\/h2>\n<p>Modif check now &#8211; lastHello<\/p>\n<p>Ajouts<br \/>\n&#8211; Fonctions optionnelles \u00ab\u00a0Recherche intelligente\u00a0\u00bb et \u00ab\u00a0Discussion\u00a0\u00bb<br \/>\n&#8211; Fonction vocale \u00ab\u00a0Application Youtube\u00a0\u00bb permet de charger les vid\u00e9os directement dans l&rsquo;application Youtube. Cette fonction permet d&rsquo;acc\u00e9der \u00e0 plus de vid\u00e9os malgr\u00e9 les probl\u00e8mes li\u00e9s au droit d&rsquo;auteur. Possibilit\u00e9 d&rsquo;\u00e9viter les pubs en souscrivant \u00e0 Youtube Premium. La commande vocale \u00ab\u00a0Internet\u00a0\u00bb permet de charger les vid\u00e9os de mani\u00e8re embarqu\u00e9e avec l&rsquo;ancienne m\u00e9thode.<br \/>\n&#8211; Vid\u00e9o de d\u00e9monstration \u00ab\u00a0Recherche intelligente\u00a0\u00bb pr\u00e9sente dans l&rsquo;application.<br \/>\n&#8211; WhatsApp Message Toast Informatif en cas de probl\u00e8me d&rsquo;acc\u00e8s aux contacts WhatsApp<\/p>\n<p>Correctifs<br \/>\n&#8211; Fonction Recherche intelligente: lecture simplifi\u00e9e des URLS dict\u00e9s <!-- GenericActions.SimplifyURLs --><\/p>\n<h2>2.83<\/h2>\n<p>Refonte<br \/>\n&#8211; Youtube V2 <!-- iFrame + Accessibility Service --><br \/>\n&#8211; Migration serveur<br \/>\n&#8211; Envoi email r\u00e9activ\u00e9 <!-- Envoi contactList + bugReport --><\/p>\n<h2>2.81<\/h2>\n<p>&#8211; Am\u00e9lioration de la lecture des SMS<br \/>\n&#8211; Am\u00e9lioration appel manqu\u00e9 si un appel n&rsquo;est pas pris: Olga dira \u00ab\u00a0Appel manqu\u00e9\u00a0\u00bb au lieu de \u00ab\u00a0Votre correspondant \u00e0 raccroch\u00e9\u00a0\u00bb et il ne dira rien si le mode silencieux est activ\u00e9<br \/>\n&#8211; Modification \u00ab\u00a0Lecteur d&rsquo;\u00e9tiquettes\u00a0\u00bb &gt; \u00ab\u00a0Lecteur d&rsquo;\u00e9tiquette\u00a0\u00bb<br \/>\n&#8211; Modification italien \u00ab\u00a0diviso per\u00a0\u00bb par \u00ab\u00a0diviso\u00a0\u00bb et \u00ab\u00a0moltiplicato per\u00a0\u00bb par \u00ab\u00a0moltiplicato\u00a0\u00bb<\/p>\n<p>&#8211; Am\u00e9lioration information : probl\u00e8me ID Detection Connection MainScreen<\/p>\n<p>&#8211; Modification gestion sons inactivit\u00e9 et nocturne<br \/>\n<!-- Gestion nocturne \n- Ajout if MainActivity in GenAction: \u00e9vite le bruit de verrouillage si provient de la Main si branch\u00e9 ou la nuit\n- Modification MainActivity onStart --><\/p>\n<h2>2.7<\/h2>\n<p><!-- 3 Octobre --><br \/>\n&#8211; Ajout de la fonction \u00ab\u00a0WhatsApp\u00a0\u00bb int\u00e9gr\u00e9e<br \/>\n&#8211; Ajout de la fonction \u00ab\u00a0Liste de contacts\u00a0\u00bb pour avoir acc\u00e8s \u00e0 toute la liste des contacts vocalement par ordre alphab\u00e9tique<br \/>\n&#8211; Ajout de la fonction \u00ab\u00a0Appeler\u00a0\u00bb directement apr\u00e8s une recherche sur Google contenant un num\u00e9ro<br \/>\n&#8211; Ajout de la fonction \u00ab\u00a0Pass Sanitaire\u00a0\u00bb pour afficher son QR Code Covid rapidement<br \/>\n&#8211; Ajout de la fonction \u00ab\u00a0D\u00e9tecteur de billets\u00a0\u00bb pour analyser des billets de banque rapidement<\/p>\n<p>&#8211; Am\u00e9lioration du son du lockscreen (correctif l 500)<br \/>\n&#8211; Am\u00e9lioration des fonctions M\u00e9t\u00e9o et Localisation<br \/>\n&#8211; Am\u00e9lioration du Lecteur Document et Scanner : am\u00e9lioration de l&rsquo;analyse<br \/>\n&#8211; Am\u00e9lioration du Lecteur de code barre: analyse plus rapide<br \/>\n&#8211; Am\u00e9lioration du Lecteur de code barre: r\u00e9sultats code barre inconnus plus compr\u00e9hensible (\u00ab\u00a0nothing\u00a0\u00bb)<br \/>\n&#8211; Am\u00e9lioration du Lecteur de QR Code et Lecteur d&rsquo;\u00e9tiquette: analyse plus rapide<br \/>\n&#8211; Am\u00e9lioration de la fonction Youtube: Emp\u00eache certains contenus priv\u00e9s<br \/>\n&#8211; Am\u00e9lioration de la fonction Youtube: Accessibilit\u00e9 des playlists (en ajoutant le mot clef \u00ab\u00a0playlist\u00a0\u00bb)<br \/>\n&#8211; Adaptation du Programme TV (uniquement France TNT) : Ajout d&rsquo;une source compl\u00e9mentaire<br \/>\n&#8211; Correctif Livre audio: Ajout d&rsquo;un message vocal en cas d&rsquo;erreur de configuration<br \/>\n&#8211; Correctif Livre audio: Modification des strings d&rsquo;information (Playlist &lt;=&gt; Chanson)<br \/>\n&#8211; Correctifs langue espagnole<br \/>\n&#8211; Correctifs langue italienne<\/p>\n<p><!--\nCorrectifs d\u00e9taill\u00e9s non affich\u00e9s\n- Correctif SR_Dispatcher data.size() = null (correctif l 114);\n- Correctif Radio_Activity stopStatut = \"\" (correctif l 423);\n- Modification bad connecticon \n- Correctif conflit 2G vs WiFi (Dispatcher l 168)\n- Am\u00e9lioration du Lecteur Document (l 467 paragraphText.toLowerCase(); > am\u00e9liore grandement la lecture\n--><\/p>\n<p>Adaptation Android 11 et 12<br \/>\n&#8211; Adaptation : Explorateur de fichier =&gt; File Google<br \/>\n&#8211; Adaptation : Explication Gesture \/ Gesture d\u00e9j\u00e0 activ\u00e9<br \/>\n&#8211; Adaptation : InCallService lockscreen avec WakeLock pour appel et pour WorldCall<br \/>\n<!--\n- Adaptation : <!--(Manifest : android:requestLegacyExternalStorage=\"true\" + new permissions)\n- Adaptation : (Manifest : <queries><intent><action android:name=\"com.google.android.youtube.api.service.START\" \/><\/intent><\/queries> pour Youtube API)\n--><\/p>\n<h2>2.6<\/h2>\n<p>&#8211; Ajout de la fonction \u00ab\u00a0Dernier appel\u00a0\u00bb<br \/>\n&#8211; Ajout de la fonction \u00ab\u00a0Minuteur\u00a0\u00bb<br \/>\n&#8211; Ajout information pour r\u00e9cup\u00e9ration liste contact (All languages)<br \/>\n&#8211; Bouton raccourci lockscreen zone basse<br \/>\n&#8211; Am\u00e9lioration pour la Belgique et autre pays hors France (04 + 01 et SMS)<br \/>\n&#8211; Correctif livre audio<br \/>\n&#8211; Autres correctifs graphiques et fonctionnels mineurs<\/p>\n<h2>2.5<\/h2>\n<p>&#8211; Ajout des Settings \u00ab\u00a0Double bip sonore\u00a0\u00bb<br \/>\n&#8211; Italien : modification\/ Ajout \u00ab\u00a0Si\u00a0\u00bb<\/p>\n<h2>2.4<\/h2>\n<p>&#8211; Adaptation Android Q<br \/>\n&#8211; R\u00e9cup\u00e9ration identifiant adapt\u00e9 Android Q<br \/>\n&#8211; Nouveau syst\u00e8me bip sonore + vibreur<br \/>\n&#8211; R\u00e9organisation du Menu : Int\u00e9gration d&rsquo;une partie Handicap Moteur<br \/>\n&#8211; Italien : Inviare au lieu de Mandare<br \/>\n&#8211; Fonction Traducteur : Interpr\u00e9tation des r\u00e9sultats (iso-8859-1 vs UTF-8)<br \/>\n&#8211; Fonction Google : suppresion de \u00ab\u00a0.\u00a0\u00bb \u00e0 la fin des r\u00e9sultats<\/p>\n<h2>2.3<\/h2>\n<p>&#8211; Adaptation Android X et Android P<br \/>\n&#8211; Refonte compl\u00e8te du Programme TV : Chargement plus rapide + Evite les doublons de programme d&rsquo;affil\u00e9e + Programme par cha\u00eene directement en fonction de l&rsquo;heure de la journ\u00e9e<\/p>\n<p>&#8211; Ajout Portugais + Allemand<br \/>\n&#8211; Ajout : Olga World Call &#8211; Appel \u00e0 l&rsquo;\u00e9tranger simple<br \/>\n&#8211; Ajout : Lecteur de Document \/ Scanner<br \/>\n&#8211; Ajout : Lecteur de Code Barre<br \/>\n&#8211; Ajout : Lecteur d&rsquo;\u00e9tiquette<br \/>\n&#8211; Ajout : D\u00e9tecteur de Couleur<br \/>\n&#8211; Ajout : Loupe et Loupe Manuelle<br \/>\n&#8211; Ajout : Faire un SMS long \/ Continuer un SMS<\/p>\n<p>&#8211; Ajout dans l&rsquo;aide de : Lecteur Document \/ Code Barre \/ D\u00e9tecteur de Couleur \/ Supprimer les appels manqu\u00e9s \/ R\u00e9pondeur avec clavier (FR \/ EN seulement)<br \/>\n&#8211; Ajout : Explications Contact via le menu d&rsquo;aidant<\/p>\n<p>&#8211; Correction : D\u00e9sactiver Alarme \/ R\u00e9veil vocalement<br \/>\n&#8211; Correction : D. Appel bloquait interface<br \/>\n&#8211; Correction : Appel en liste noir<br \/>\n&#8211; Correction : Bouton Volume &amp; Accessibilit\u00e9 =&gt; \u00ab\u00a0Volume Down\u00a0\u00bb<br \/>\n&#8211; Correction : Changement d&rsquo;heure (via l&rsquo;alarme Manager)<br \/>\n&#8211; Correction : Transfert SIM posait un probl\u00e8me quand aucun num\u00e9ro \u00e9tait indiqu\u00e9<br \/>\n&#8211; Correction : Ajout Contact \u00ab\u00a0Monoprix\u00a0\u00bb<\/p>\n<p>&#8211; Am\u00e9lioration globale du Menu d&rsquo;aidant<br \/>\n&#8211; Am\u00e9lioration de la vitesse globale<\/p>\n<p>&#8211; Blocage automatique du bouton Google Assistant<\/p>\n<p>&#8211; V\u00e9rification : Suppression des rendez-vous Agenda<\/p>\n<p>&#8211; Bluetooth : retrait de la commande vocale Bluetooth et des Settings Olga (probl\u00e8me sur Android 9)<br \/>\n&#8211; Bluetooth : Appels entrants via Enceinte\/ Casque Bluetooth plus simples.<\/p>\n<p>&#8211; Mode Silencieux : Fin d&rsquo;un appel entrant silencieux<\/p>\n<p>&#8211; Ajout num\u00e9ro de version dans Rapport de bug<br \/>\n&#8211; Modification m\u00e9thode connexion (obtention Json)<br \/>\n&#8211; Adaptation Key<\/p>\n<h2>2.2<\/h2>\n<p>&#8211; Modification de la recherche Google (flexible)<br \/>\n&#8211; Modification du syst\u00e8me de radio (flexible)<\/p>\n<p>&#8211; Ajout et corrections de radios : Notre Dame, RNE (Espana)<\/p>\n<p>&#8211; Am\u00e9lioration : R\u00e9veil et Alarmes<br \/>\n&#8211; Am\u00e9lioration : Synchronisation affichage Batterie sur la page de semi verrouillage<br \/>\n&#8211; Am\u00e9lioration : Fonction localisation<br \/>\n&#8211; Am\u00e9lioration : Appel entrant lorsque l&rsquo;appelant n&rsquo;est pas connu<br \/>\n&#8211; Am\u00e9lioration : R\u00e9ception de SMS et coupure d&rsquo;appel<\/p>\n<p>&#8211; Bug : R\u00e9veil langue \u00e9trang\u00e8re am\u00e9lior\u00e9<br \/>\n&#8211; Bug : Indicateur Mise \u00e0 jour erron\u00e9 sur LockScreen<br \/>\n&#8211; Bug : Ouverture lien Langue modifi\u00e9<br \/>\n&#8211; Bug : Agenda langue \u00e9trang\u00e8re, virgule dans l&rsquo;heure<br \/>\n&#8211; Bug : Radio ne charge plus ind\u00e9finiment<br \/>\n&#8211; Bug : R\u00e9ception de SMS lorsqu&rsquo;un contact n&rsquo;est pas enregistr\u00e9 (null! SMSincomeActivity)<br \/>\n&#8211; Bug : Lorsque l&rsquo;on appelle \u00ab\u00a0Autre Num\u00e9ro\u00a0\u00bb et que l&rsquo;on fait continuer<\/p>\n<h2>2.1<\/h2>\n<p>&#8211; Correction Google Algorythm<br \/>\n&#8211; Emp\u00eache Coucou et sonnerie pendant appel<br \/>\n&#8211; Bugs Livre Audio : acc\u00e8s carte SD<br \/>\n&#8211; Bugs Livre Audio : naviguer avec les minutes<br \/>\n&#8211; Correction Info Personnelles : Num\u00e9ro disparait dans l&rsquo;info personnelle pour le num\u00e9ro de t\u00e9l\u00e9phone<\/p>\n<h2>2.0<\/h2>\n<p>&#8211; Cr\u00e9ation nouvelle fonction : Livre Audio<br \/>\n&#8211;\u00a0Cr\u00e9ation nouvelle fonction : Musique<br \/>\n&#8211; Cr\u00e9ation nouvelle fonction : Localisation<br \/>\n&#8211; Cr\u00e9ation nouvelle fonction : Note (Dictaphone)<br \/>\n&#8211;\u00a0Cr\u00e9ation nouvelle fonction : Supprimer la liste des appels manqu\u00e9s<br \/>\n&#8211; Cr\u00e9ation nouvelle fonction : Youtube<br \/>\n&#8211; Cr\u00e9ation nouvelle fonction : Google<br \/>\n&#8211; Cr\u00e9ation nouvelle fonction : Clavier vocale<\/p>\n<p>&#8211; Am\u00e9lioration : Programme TV<br \/>\n&#8211; Am\u00e9lioration : Ajouts de plusieurs flux radios<\/p>\n<p>&#8211; Refonte compl\u00e8te du syst\u00e8me de t\u00e9l\u00e9phonie<\/p>\n","protected":false},"excerpt":{"rendered":"<p>2.85 Ajout &#8211; Fonction optionnelle \u00ab\u00a0Scanner intelligent\u00a0\u00bb disponible Am\u00e9liorations &#8211; Am\u00e9lioriation du syst\u00e8me d&rsquo;acc\u00e8s aux radios, plus de radios accessibles Correctif &#8211; Possibilit\u00e9 d&rsquo;appeler suite \u00e0 une recherche 2.84 Modif check now &#8211; lastHello Ajouts &#8211; Fonctions optionnelles \u00ab\u00a0Recherche intelligente\u00a0\u00bb et \u00ab\u00a0Discussion\u00a0\u00bb &#8211; Fonction vocale \u00ab\u00a0Application Youtube\u00a0\u00bb permet de charger les vid\u00e9os directement dans l&rsquo;application &hellip; <a href=\"https:\/\/olgaphone.com\/blog\/versions-olga-o4\/\" class=\"more-link\">Continuer la lecture<span class=\"screen-reader-text\"> de &laquo;&nbsp;Versions : Olga Mod\u00e8le O4&nbsp;&raquo;<\/span><\/a><\/p>\n","protected":false},"author":1,"featured_media":0,"parent":0,"menu_order":0,"comment_status":"closed","ping_status":"closed","template":"","meta":{"footnotes":""},"_links":{"self":[{"href":"https:\/\/olgaphone.com\/blog\/wp-json\/wp\/v2\/pages\/1083"}],"collection":[{"href":"https:\/\/olgaphone.com\/blog\/wp-json\/wp\/v2\/pages"}],"about":[{"href":"https:\/\/olgaphone.com\/blog\/wp-json\/wp\/v2\/types\/page"}],"author":[{"embeddable":true,"href":"https:\/\/olgaphone.com\/blog\/wp-json\/wp\/v2\/users\/1"}],"replies":[{"embeddable":true,"href":"https:\/\/olgaphone.com\/blog\/wp-json\/wp\/v2\/comments?post=1083"}],"version-history":[{"count":128,"href":"https:\/\/olgaphone.com\/blog\/wp-json\/wp\/v2\/pages\/1083\/revisions"}],"predecessor-version":[{"id":1776,"href":"https:\/\/olgaphone.com\/blog\/wp-json\/wp\/v2\/pages\/1083\/revisions\/1776"}],"wp:attachment":[{"href":"https:\/\/olgaphone.com\/blog\/wp-json\/wp\/v2\/media?parent=1083"}],"curies":[{"name":"wp","href":"https:\/\/api.w.org\/{rel}","templated":true}]}}